{"id":4462,"date":"2023-01-24T13:30:59","date_gmt":"2023-01-24T12:30:59","guid":{"rendered":"https:\/\/finnlandschmuck-schelle.de\/?post_type=product&#038;p=4462"},"modified":"2026-02-01T16:38:35","modified_gmt":"2026-02-01T15:38:35","slug":"n-24-2124","status":"publish","type":"product","link":"https:\/\/finnlandschmuck-schelle.de\/?product=n-24-2124","title":{"rendered":"N-24-2124"},"content":{"rendered":"<p>Ohrclips, Bergkristall<\/p>\n<p>Gr\u00f6\u00dfe: \u00d8 12mm<\/p>\n","protected":false},"excerpt":{"rendered":"<p>Ohrclips, Bergkristall Gr\u00f6\u00dfe: \u00d8 12mm<\/p>\n","protected":false},"featured_media":4411,"template":"","meta":[],"product_cat":[558],"product_tag":[792,793],"_links":{"self":[{"href":"https:\/\/finnlandschmuck-schelle.de\/index.php?rest_route=\/wp\/v2\/product\/4462"}],"collection":[{"href":"https:\/\/finnlandschmuck-schelle.de\/index.php?rest_route=\/wp\/v2\/product"}],"about":[{"href":"https:\/\/finnlandschmuck-schelle.de\/index.php?rest_route=\/wp\/v2\/types\/product"}],"wp:featuredmedia":[{"embeddable":true,"href":"https:\/\/finnlandschmuck-schelle.de\/index.php?rest_route=\/wp\/v2\/media\/4411"}],"wp:attachment":[{"href":"https:\/\/finnlandschmuck-schelle.de\/index.php?rest_route=%2Fwp%2Fv2%2Fmedia&parent=4462"}],"wp:term":[{"taxonomy":"product_cat","embeddable":true,"href":"https:\/\/finnlandschmuck-schelle.de\/index.php?rest_route=%2Fwp%2Fv2%2Fproduct_cat&post=4462"},{"taxonomy":"product_tag","embeddable":true,"href":"https:\/\/finnlandschmuck-schelle.de\/index.php?rest_route=%2Fwp%2Fv2%2Fproduct_tag&post=4462"}],"curies":[{"name":"wp","href":"https:\/\/api.w.org\/{rel}","templated":true}]}}