{"id":4724,"date":"2023-08-28T10:20:41","date_gmt":"2023-08-28T09:20:41","guid":{"rendered":"https:\/\/finnlandschmuck-schelle.de\/?post_type=product&#038;p=4724"},"modified":"2026-02-01T11:37:58","modified_gmt":"2026-02-01T10:37:58","slug":"a-3-494","status":"publish","type":"product","link":"https:\/\/finnlandschmuck-schelle.de\/?product=a-3-494","title":{"rendered":"A-3-494"},"content":{"rendered":"<p>Anh\u00e4nger, L\u00f6we als Figur mit 2 Bergkristallen<\/p>\n<p>Ma\u00dfe: 19mm x 29mm<\/p>\n<p>&nbsp;<\/p>\n","protected":false},"excerpt":{"rendered":"<p>Anh\u00e4nger, L\u00f6we als Figur mit 2 Bergkristallen Ma\u00dfe: 19mm x 29mm &nbsp;<\/p>\n","protected":false},"featured_media":4686,"template":"","meta":[],"product_cat":[21],"product_tag":[824,823,825,374],"_links":{"self":[{"href":"https:\/\/finnlandschmuck-schelle.de\/index.php?rest_route=\/wp\/v2\/product\/4724"}],"collection":[{"href":"https:\/\/finnlandschmuck-schelle.de\/index.php?rest_route=\/wp\/v2\/product"}],"about":[{"href":"https:\/\/finnlandschmuck-schelle.de\/index.php?rest_route=\/wp\/v2\/types\/product"}],"wp:featuredmedia":[{"embeddable":true,"href":"https:\/\/finnlandschmuck-schelle.de\/index.php?rest_route=\/wp\/v2\/media\/4686"}],"wp:attachment":[{"href":"https:\/\/finnlandschmuck-schelle.de\/index.php?rest_route=%2Fwp%2Fv2%2Fmedia&parent=4724"}],"wp:term":[{"taxonomy":"product_cat","embeddable":true,"href":"https:\/\/finnlandschmuck-schelle.de\/index.php?rest_route=%2Fwp%2Fv2%2Fproduct_cat&post=4724"},{"taxonomy":"product_tag","embeddable":true,"href":"https:\/\/finnlandschmuck-schelle.de\/index.php?rest_route=%2Fwp%2Fv2%2Fproduct_tag&post=4724"}],"curies":[{"name":"wp","href":"https:\/\/api.w.org\/{rel}","templated":true}]}}