{"id":4771,"date":"2023-08-28T16:52:26","date_gmt":"2023-08-28T15:52:26","guid":{"rendered":"https:\/\/finnlandschmuck-schelle.de\/?post_type=product&#038;p=4771"},"modified":"2026-02-01T15:25:30","modified_gmt":"2026-02-01T14:25:30","slug":"n-3-414","status":"publish","type":"product","link":"https:\/\/finnlandschmuck-schelle.de\/?product=n-3-414","title":{"rendered":"N-3-414"},"content":{"rendered":"<p>Anh\u00e4nger ,gro\u00dfes Gingkoblatt<\/p>\n<p>Ma\u00dfe: 34mm x 38mm<\/p>\n","protected":false},"excerpt":{"rendered":"<p>Anh\u00e4nger ,gro\u00dfes Gingkoblatt Ma\u00dfe: 34mm x 38mm<\/p>\n","protected":false},"featured_media":4677,"template":"","meta":[],"product_cat":[21],"product_tag":[876],"_links":{"self":[{"href":"https:\/\/finnlandschmuck-schelle.de\/index.php?rest_route=\/wp\/v2\/product\/4771"}],"collection":[{"href":"https:\/\/finnlandschmuck-schelle.de\/index.php?rest_route=\/wp\/v2\/product"}],"about":[{"href":"https:\/\/finnlandschmuck-schelle.de\/index.php?rest_route=\/wp\/v2\/types\/product"}],"wp:featuredmedia":[{"embeddable":true,"href":"https:\/\/finnlandschmuck-schelle.de\/index.php?rest_route=\/wp\/v2\/media\/4677"}],"wp:attachment":[{"href":"https:\/\/finnlandschmuck-schelle.de\/index.php?rest_route=%2Fwp%2Fv2%2Fmedia&parent=4771"}],"wp:term":[{"taxonomy":"product_cat","embeddable":true,"href":"https:\/\/finnlandschmuck-schelle.de\/index.php?rest_route=%2Fwp%2Fv2%2Fproduct_cat&post=4771"},{"taxonomy":"product_tag","embeddable":true,"href":"https:\/\/finnlandschmuck-schelle.de\/index.php?rest_route=%2Fwp%2Fv2%2Fproduct_tag&post=4771"}],"curies":[{"name":"wp","href":"https:\/\/api.w.org\/{rel}","templated":true}]}}