{"id":5281,"date":"2025-02-05T16:03:50","date_gmt":"2025-02-05T15:03:50","guid":{"rendered":"https:\/\/finnlandschmuck-schelle.de\/?post_type=product&#038;p=5281"},"modified":"2026-02-01T11:16:07","modified_gmt":"2026-02-01T10:16:07","slug":"a-3-451","status":"publish","type":"product","link":"https:\/\/finnlandschmuck-schelle.de\/?product=a-3-451","title":{"rendered":"A-3-451"},"content":{"rendered":"<p>Anh\u00e4nger<\/p>\n<p>Gesamtgr\u00f6\u00dfe: 31mm x 13mm<\/p>\n<p>Stein: Bergkristall 12 x 7mm<\/p>\n","protected":false},"excerpt":{"rendered":"<p>Anh\u00e4nger Gesamtgr\u00f6\u00dfe: 31mm x 13mm Stein: Bergkristall 12 x 7mm<\/p>\n","protected":false},"featured_media":5265,"template":"","meta":[],"product_cat":[21],"product_tag":[949,193,786],"_links":{"self":[{"href":"https:\/\/finnlandschmuck-schelle.de\/index.php?rest_route=\/wp\/v2\/product\/5281"}],"collection":[{"href":"https:\/\/finnlandschmuck-schelle.de\/index.php?rest_route=\/wp\/v2\/product"}],"about":[{"href":"https:\/\/finnlandschmuck-schelle.de\/index.php?rest_route=\/wp\/v2\/types\/product"}],"wp:featuredmedia":[{"embeddable":true,"href":"https:\/\/finnlandschmuck-schelle.de\/index.php?rest_route=\/wp\/v2\/media\/5265"}],"wp:attachment":[{"href":"https:\/\/finnlandschmuck-schelle.de\/index.php?rest_route=%2Fwp%2Fv2%2Fmedia&parent=5281"}],"wp:term":[{"taxonomy":"product_cat","embeddable":true,"href":"https:\/\/finnlandschmuck-schelle.de\/index.php?rest_route=%2Fwp%2Fv2%2Fproduct_cat&post=5281"},{"taxonomy":"product_tag","embeddable":true,"href":"https:\/\/finnlandschmuck-schelle.de\/index.php?rest_route=%2Fwp%2Fv2%2Fproduct_tag&post=5281"}],"curies":[{"name":"wp","href":"https:\/\/api.w.org\/{rel}","templated":true}]}}