{"id":5294,"date":"2025-02-05T17:03:06","date_gmt":"2025-02-05T16:03:06","guid":{"rendered":"https:\/\/finnlandschmuck-schelle.de\/?post_type=product&#038;p=5294"},"modified":"2026-02-01T15:26:17","modified_gmt":"2026-02-01T14:26:17","slug":"n-3-434","status":"publish","type":"product","link":"https:\/\/finnlandschmuck-schelle.de\/?product=n-3-434","title":{"rendered":"N-3-434"},"content":{"rendered":"<p>Anh\u00e4nger Trollblatt<\/p>\n<p>Gr\u00f6\u00dfe: 44mm x 37,5mm<\/p>\n","protected":false},"excerpt":{"rendered":"<p>Anh\u00e4nger Trollblatt Gr\u00f6\u00dfe: 44mm x 37,5mm<\/p>\n","protected":false},"featured_media":5269,"template":"","meta":[],"product_cat":[21],"product_tag":[193,956,952],"_links":{"self":[{"href":"https:\/\/finnlandschmuck-schelle.de\/index.php?rest_route=\/wp\/v2\/product\/5294"}],"collection":[{"href":"https:\/\/finnlandschmuck-schelle.de\/index.php?rest_route=\/wp\/v2\/product"}],"about":[{"href":"https:\/\/finnlandschmuck-schelle.de\/index.php?rest_route=\/wp\/v2\/types\/product"}],"wp:featuredmedia":[{"embeddable":true,"href":"https:\/\/finnlandschmuck-schelle.de\/index.php?rest_route=\/wp\/v2\/media\/5269"}],"wp:attachment":[{"href":"https:\/\/finnlandschmuck-schelle.de\/index.php?rest_route=%2Fwp%2Fv2%2Fmedia&parent=5294"}],"wp:term":[{"taxonomy":"product_cat","embeddable":true,"href":"https:\/\/finnlandschmuck-schelle.de\/index.php?rest_route=%2Fwp%2Fv2%2Fproduct_cat&post=5294"},{"taxonomy":"product_tag","embeddable":true,"href":"https:\/\/finnlandschmuck-schelle.de\/index.php?rest_route=%2Fwp%2Fv2%2Fproduct_tag&post=5294"}],"curies":[{"name":"wp","href":"https:\/\/api.w.org\/{rel}","templated":true}]}}