{"id":5299,"date":"2025-02-05T17:14:44","date_gmt":"2025-02-05T16:14:44","guid":{"rendered":"https:\/\/finnlandschmuck-schelle.de\/?post_type=product&#038;p=5299"},"modified":"2026-02-01T16:19:48","modified_gmt":"2026-02-01T15:19:48","slug":"n-34-4613","status":"publish","type":"product","link":"https:\/\/finnlandschmuck-schelle.de\/?product=n-34-4613","title":{"rendered":"N-34-4613"},"content":{"rendered":"<p>Ohrh\u00e4nger Lebensbaum<\/p>\n<p>Gr\u00f6\u00dfe: 15mm x 18mm plus Klappbrisur<\/p>\n<p>Stein: Bergkristall<\/p>\n","protected":false},"excerpt":{"rendered":"<p>Ohrh\u00e4nger Lebensbaum Gr\u00f6\u00dfe: 15mm x 18mm plus Klappbrisur Stein: Bergkristall<\/p>\n","protected":false},"featured_media":5274,"template":"","meta":[],"product_cat":[28],"product_tag":[958,951,957,963,160],"_links":{"self":[{"href":"https:\/\/finnlandschmuck-schelle.de\/index.php?rest_route=\/wp\/v2\/product\/5299"}],"collection":[{"href":"https:\/\/finnlandschmuck-schelle.de\/index.php?rest_route=\/wp\/v2\/product"}],"about":[{"href":"https:\/\/finnlandschmuck-schelle.de\/index.php?rest_route=\/wp\/v2\/types\/product"}],"wp:featuredmedia":[{"embeddable":true,"href":"https:\/\/finnlandschmuck-schelle.de\/index.php?rest_route=\/wp\/v2\/media\/5274"}],"wp:attachment":[{"href":"https:\/\/finnlandschmuck-schelle.de\/index.php?rest_route=%2Fwp%2Fv2%2Fmedia&parent=5299"}],"wp:term":[{"taxonomy":"product_cat","embeddable":true,"href":"https:\/\/finnlandschmuck-schelle.de\/index.php?rest_route=%2Fwp%2Fv2%2Fproduct_cat&post=5299"},{"taxonomy":"product_tag","embeddable":true,"href":"https:\/\/finnlandschmuck-schelle.de\/index.php?rest_route=%2Fwp%2Fv2%2Fproduct_tag&post=5299"}],"curies":[{"name":"wp","href":"https:\/\/api.w.org\/{rel}","templated":true}]}}