{"id":5302,"date":"2025-02-05T17:20:26","date_gmt":"2025-02-05T16:20:26","guid":{"rendered":"https:\/\/finnlandschmuck-schelle.de\/?post_type=product&#038;p=5302"},"modified":"2026-02-05T08:18:13","modified_gmt":"2026-02-05T07:18:13","slug":"a-14-1354","status":"publish","type":"product","link":"https:\/\/finnlandschmuck-schelle.de\/?product=a-14-1354","title":{"rendered":"A-14-1354"},"content":{"rendered":"<p>Ohrh\u00e4nger mit Bergkristall<\/p>\n<p>Gr\u00f6\u00dfe: 44mm x 6mm<\/p>\n","protected":false},"excerpt":{"rendered":"<p>Ohrh\u00e4nger mit Bergkristall Gr\u00f6\u00dfe: 44mm x 6mm<\/p>\n","protected":false},"featured_media":5272,"template":"","meta":[],"product_cat":[28],"product_tag":[82,965,160,967],"_links":{"self":[{"href":"https:\/\/finnlandschmuck-schelle.de\/index.php?rest_route=\/wp\/v2\/product\/5302"}],"collection":[{"href":"https:\/\/finnlandschmuck-schelle.de\/index.php?rest_route=\/wp\/v2\/product"}],"about":[{"href":"https:\/\/finnlandschmuck-schelle.de\/index.php?rest_route=\/wp\/v2\/types\/product"}],"wp:featuredmedia":[{"embeddable":true,"href":"https:\/\/finnlandschmuck-schelle.de\/index.php?rest_route=\/wp\/v2\/media\/5272"}],"wp:attachment":[{"href":"https:\/\/finnlandschmuck-schelle.de\/index.php?rest_route=%2Fwp%2Fv2%2Fmedia&parent=5302"}],"wp:term":[{"taxonomy":"product_cat","embeddable":true,"href":"https:\/\/finnlandschmuck-schelle.de\/index.php?rest_route=%2Fwp%2Fv2%2Fproduct_cat&post=5302"},{"taxonomy":"product_tag","embeddable":true,"href":"https:\/\/finnlandschmuck-schelle.de\/index.php?rest_route=%2Fwp%2Fv2%2Fproduct_tag&post=5302"}],"curies":[{"name":"wp","href":"https:\/\/api.w.org\/{rel}","templated":true}]}}