{"id":5450,"date":"2025-05-30T08:25:59","date_gmt":"2025-05-30T07:25:59","guid":{"rendered":"https:\/\/finnlandschmuck-schelle.de\/?post_type=product&#038;p=5450"},"modified":"2026-02-01T15:40:26","modified_gmt":"2026-02-01T14:40:26","slug":"n-3-1846","status":"publish","type":"product","link":"https:\/\/finnlandschmuck-schelle.de\/?product=n-3-1846","title":{"rendered":"N-3-1846"},"content":{"rendered":"<p>Anh\u00e4nger Zahn<\/p>\n<p>Steinbeatz: Bergkristall \u00d8 6mm<\/p>\n<p>Ma\u00dfe: 9mm x 25mm<\/p>\n","protected":false},"excerpt":{"rendered":"<p>Anh\u00e4nger Zahn Steinbeatz: Bergkristall \u00d8 6mm Ma\u00dfe: 9mm x 25mm<\/p>\n","protected":false},"featured_media":5438,"template":"","meta":[],"product_cat":[21],"product_tag":[193,978,977,840],"_links":{"self":[{"href":"https:\/\/finnlandschmuck-schelle.de\/index.php?rest_route=\/wp\/v2\/product\/5450"}],"collection":[{"href":"https:\/\/finnlandschmuck-schelle.de\/index.php?rest_route=\/wp\/v2\/product"}],"about":[{"href":"https:\/\/finnlandschmuck-schelle.de\/index.php?rest_route=\/wp\/v2\/types\/product"}],"wp:featuredmedia":[{"embeddable":true,"href":"https:\/\/finnlandschmuck-schelle.de\/index.php?rest_route=\/wp\/v2\/media\/5438"}],"wp:attachment":[{"href":"https:\/\/finnlandschmuck-schelle.de\/index.php?rest_route=%2Fwp%2Fv2%2Fmedia&parent=5450"}],"wp:term":[{"taxonomy":"product_cat","embeddable":true,"href":"https:\/\/finnlandschmuck-schelle.de\/index.php?rest_route=%2Fwp%2Fv2%2Fproduct_cat&post=5450"},{"taxonomy":"product_tag","embeddable":true,"href":"https:\/\/finnlandschmuck-schelle.de\/index.php?rest_route=%2Fwp%2Fv2%2Fproduct_tag&post=5450"}],"curies":[{"name":"wp","href":"https:\/\/api.w.org\/{rel}","templated":true}]}}