{"id":5457,"date":"2025-05-30T08:47:42","date_gmt":"2025-05-30T07:47:42","guid":{"rendered":"https:\/\/finnlandschmuck-schelle.de\/?post_type=product&#038;p=5457"},"modified":"2026-02-01T15:57:13","modified_gmt":"2026-02-01T14:57:13","slug":"n-3-4435","status":"publish","type":"product","link":"https:\/\/finnlandschmuck-schelle.de\/?product=n-3-4435","title":{"rendered":"N-3-4435"},"content":{"rendered":"<p>Anh\u00e4nger Zweig<\/p>\n<p>Steinbesatz: Bergkristall \u00d8 5mm<\/p>\n<p>Ma\u00dfe: 23mm x 26mm<\/p>\n","protected":false},"excerpt":{"rendered":"<p>Anh\u00e4nger Zweig Steinbesatz: Bergkristall \u00d8 5mm Ma\u00dfe: 23mm x 26mm<\/p>\n","protected":false},"featured_media":5427,"template":"","meta":[],"product_cat":[21],"product_tag":[193,951,990,989],"_links":{"self":[{"href":"https:\/\/finnlandschmuck-schelle.de\/index.php?rest_route=\/wp\/v2\/product\/5457"}],"collection":[{"href":"https:\/\/finnlandschmuck-schelle.de\/index.php?rest_route=\/wp\/v2\/product"}],"about":[{"href":"https:\/\/finnlandschmuck-schelle.de\/index.php?rest_route=\/wp\/v2\/types\/product"}],"wp:featuredmedia":[{"embeddable":true,"href":"https:\/\/finnlandschmuck-schelle.de\/index.php?rest_route=\/wp\/v2\/media\/5427"}],"wp:attachment":[{"href":"https:\/\/finnlandschmuck-schelle.de\/index.php?rest_route=%2Fwp%2Fv2%2Fmedia&parent=5457"}],"wp:term":[{"taxonomy":"product_cat","embeddable":true,"href":"https:\/\/finnlandschmuck-schelle.de\/index.php?rest_route=%2Fwp%2Fv2%2Fproduct_cat&post=5457"},{"taxonomy":"product_tag","embeddable":true,"href":"https:\/\/finnlandschmuck-schelle.de\/index.php?rest_route=%2Fwp%2Fv2%2Fproduct_tag&post=5457"}],"curies":[{"name":"wp","href":"https:\/\/api.w.org\/{rel}","templated":true}]}}