{"id":5459,"date":"2025-05-30T08:52:50","date_gmt":"2025-05-30T07:52:50","guid":{"rendered":"https:\/\/finnlandschmuck-schelle.de\/?post_type=product&#038;p=5459"},"modified":"2026-02-01T13:57:22","modified_gmt":"2026-02-01T12:57:22","slug":"n-2-214","status":"publish","type":"product","link":"https:\/\/finnlandschmuck-schelle.de\/?product=n-2-214","title":{"rendered":"N-2-214"},"content":{"rendered":"<p>Armreif<\/p>\n<p>Steinbesatz: Bergkristall \u00d8 4mm<\/p>\n<p>Ma\u00dfe Schmuckkopf: \u00d8 12mm<\/p>\n","protected":false},"excerpt":{"rendered":"<p>Armreif Steinbesatz: Bergkristall \u00d8 4mm Ma\u00dfe Schmuckkopf: \u00d8 12mm<\/p>\n","protected":false},"featured_media":5420,"template":"","meta":[],"product_cat":[23],"product_tag":[201,993],"_links":{"self":[{"href":"https:\/\/finnlandschmuck-schelle.de\/index.php?rest_route=\/wp\/v2\/product\/5459"}],"collection":[{"href":"https:\/\/finnlandschmuck-schelle.de\/index.php?rest_route=\/wp\/v2\/product"}],"about":[{"href":"https:\/\/finnlandschmuck-schelle.de\/index.php?rest_route=\/wp\/v2\/types\/product"}],"wp:featuredmedia":[{"embeddable":true,"href":"https:\/\/finnlandschmuck-schelle.de\/index.php?rest_route=\/wp\/v2\/media\/5420"}],"wp:attachment":[{"href":"https:\/\/finnlandschmuck-schelle.de\/index.php?rest_route=%2Fwp%2Fv2%2Fmedia&parent=5459"}],"wp:term":[{"taxonomy":"product_cat","embeddable":true,"href":"https:\/\/finnlandschmuck-schelle.de\/index.php?rest_route=%2Fwp%2Fv2%2Fproduct_cat&post=5459"},{"taxonomy":"product_tag","embeddable":true,"href":"https:\/\/finnlandschmuck-schelle.de\/index.php?rest_route=%2Fwp%2Fv2%2Fproduct_tag&post=5459"}],"curies":[{"name":"wp","href":"https:\/\/api.w.org\/{rel}","templated":true}]}}