{"id":5462,"date":"2025-05-30T08:58:54","date_gmt":"2025-05-30T07:58:54","guid":{"rendered":"https:\/\/finnlandschmuck-schelle.de\/?post_type=product&#038;p=5462"},"modified":"2026-02-01T15:35:25","modified_gmt":"2026-02-01T14:35:25","slug":"n-3-1587","status":"publish","type":"product","link":"https:\/\/finnlandschmuck-schelle.de\/?product=n-3-1587","title":{"rendered":"N-3-1587"},"content":{"rendered":"<p>Anh\u00e4nger<\/p>\n<p>Steinbesatz: Bergkristall \u00d8 7mm<\/p>\n<p>Ma\u00dfe: 19mm x 26mm<\/p>\n","protected":false},"excerpt":{"rendered":"<p>Anh\u00e4nger Steinbesatz: Bergkristall \u00d8 7mm Ma\u00dfe: 19mm x 26mm<\/p>\n","protected":false},"featured_media":5430,"template":"","meta":[],"product_cat":[21],"product_tag":[193,996],"_links":{"self":[{"href":"https:\/\/finnlandschmuck-schelle.de\/index.php?rest_route=\/wp\/v2\/product\/5462"}],"collection":[{"href":"https:\/\/finnlandschmuck-schelle.de\/index.php?rest_route=\/wp\/v2\/product"}],"about":[{"href":"https:\/\/finnlandschmuck-schelle.de\/index.php?rest_route=\/wp\/v2\/types\/product"}],"wp:featuredmedia":[{"embeddable":true,"href":"https:\/\/finnlandschmuck-schelle.de\/index.php?rest_route=\/wp\/v2\/media\/5430"}],"wp:attachment":[{"href":"https:\/\/finnlandschmuck-schelle.de\/index.php?rest_route=%2Fwp%2Fv2%2Fmedia&parent=5462"}],"wp:term":[{"taxonomy":"product_cat","embeddable":true,"href":"https:\/\/finnlandschmuck-schelle.de\/index.php?rest_route=%2Fwp%2Fv2%2Fproduct_cat&post=5462"},{"taxonomy":"product_tag","embeddable":true,"href":"https:\/\/finnlandschmuck-schelle.de\/index.php?rest_route=%2Fwp%2Fv2%2Fproduct_tag&post=5462"}],"curies":[{"name":"wp","href":"https:\/\/api.w.org\/{rel}","templated":true}]}}