{"id":5463,"date":"2025-05-30T09:01:20","date_gmt":"2025-05-30T08:01:20","guid":{"rendered":"https:\/\/finnlandschmuck-schelle.de\/?post_type=product&#038;p=5463"},"modified":"2026-02-01T15:37:13","modified_gmt":"2026-02-01T14:37:13","slug":"n-3-1674","status":"publish","type":"product","link":"https:\/\/finnlandschmuck-schelle.de\/?product=n-3-1674","title":{"rendered":"N-3-1674"},"content":{"rendered":"<p>Anh\u00e4nger Fl\u00fcgel<\/p>\n<p>Steinbesatz: Bergkristall \u00d8 4mm<\/p>\n<p>Ma\u00dfe: 15mm x 17mm<\/p>\n","protected":false},"excerpt":{"rendered":"<p>Anh\u00e4nger Fl\u00fcgel Steinbesatz: Bergkristall \u00d8 4mm Ma\u00dfe: 15mm x 17mm<\/p>\n","protected":false},"featured_media":5431,"template":"","meta":[],"product_cat":[21],"product_tag":[998,997],"_links":{"self":[{"href":"https:\/\/finnlandschmuck-schelle.de\/index.php?rest_route=\/wp\/v2\/product\/5463"}],"collection":[{"href":"https:\/\/finnlandschmuck-schelle.de\/index.php?rest_route=\/wp\/v2\/product"}],"about":[{"href":"https:\/\/finnlandschmuck-schelle.de\/index.php?rest_route=\/wp\/v2\/types\/product"}],"wp:featuredmedia":[{"embeddable":true,"href":"https:\/\/finnlandschmuck-schelle.de\/index.php?rest_route=\/wp\/v2\/media\/5431"}],"wp:attachment":[{"href":"https:\/\/finnlandschmuck-schelle.de\/index.php?rest_route=%2Fwp%2Fv2%2Fmedia&parent=5463"}],"wp:term":[{"taxonomy":"product_cat","embeddable":true,"href":"https:\/\/finnlandschmuck-schelle.de\/index.php?rest_route=%2Fwp%2Fv2%2Fproduct_cat&post=5463"},{"taxonomy":"product_tag","embeddable":true,"href":"https:\/\/finnlandschmuck-schelle.de\/index.php?rest_route=%2Fwp%2Fv2%2Fproduct_tag&post=5463"}],"curies":[{"name":"wp","href":"https:\/\/api.w.org\/{rel}","templated":true}]}}