{"id":5465,"date":"2025-05-30T09:17:45","date_gmt":"2025-05-30T08:17:45","guid":{"rendered":"https:\/\/finnlandschmuck-schelle.de\/?post_type=product&#038;p=5465"},"modified":"2026-02-01T15:16:20","modified_gmt":"2026-02-01T14:16:20","slug":"n-3-192","status":"publish","type":"product","link":"https:\/\/finnlandschmuck-schelle.de\/?product=n-3-192","title":{"rendered":"N-3-192"},"content":{"rendered":"<p>Anh\u00e4nger<\/p>\n<p>Steinbesatz: \u00d8 3mm<\/p>\n<p>Ma\u00dfe: 13mm x 10mm<\/p>\n","protected":false},"excerpt":{"rendered":"<p>Anh\u00e4nger Steinbesatz: \u00d8 3mm Ma\u00dfe: 13mm x 10mm<\/p>\n","protected":false},"featured_media":5425,"template":"","meta":[],"product_cat":[21],"product_tag":[193,1000],"_links":{"self":[{"href":"https:\/\/finnlandschmuck-schelle.de\/index.php?rest_route=\/wp\/v2\/product\/5465"}],"collection":[{"href":"https:\/\/finnlandschmuck-schelle.de\/index.php?rest_route=\/wp\/v2\/product"}],"about":[{"href":"https:\/\/finnlandschmuck-schelle.de\/index.php?rest_route=\/wp\/v2\/types\/product"}],"wp:featuredmedia":[{"embeddable":true,"href":"https:\/\/finnlandschmuck-schelle.de\/index.php?rest_route=\/wp\/v2\/media\/5425"}],"wp:attachment":[{"href":"https:\/\/finnlandschmuck-schelle.de\/index.php?rest_route=%2Fwp%2Fv2%2Fmedia&parent=5465"}],"wp:term":[{"taxonomy":"product_cat","embeddable":true,"href":"https:\/\/finnlandschmuck-schelle.de\/index.php?rest_route=%2Fwp%2Fv2%2Fproduct_cat&post=5465"},{"taxonomy":"product_tag","embeddable":true,"href":"https:\/\/finnlandschmuck-schelle.de\/index.php?rest_route=%2Fwp%2Fv2%2Fproduct_tag&post=5465"}],"curies":[{"name":"wp","href":"https:\/\/api.w.org\/{rel}","templated":true}]}}