{"id":5466,"date":"2025-05-30T09:24:28","date_gmt":"2025-05-30T08:24:28","guid":{"rendered":"https:\/\/finnlandschmuck-schelle.de\/?post_type=product&#038;p=5466"},"modified":"2026-02-01T15:14:49","modified_gmt":"2026-02-01T14:14:49","slug":"n-3-165","status":"publish","type":"product","link":"https:\/\/finnlandschmuck-schelle.de\/?product=n-3-165","title":{"rendered":"N-3-165"},"content":{"rendered":"<p>Anh\u00e4nger<\/p>\n<p>Steinbesatz: Bergkristall \u00d8 5mm<\/p>\n<p>Ma\u00dfe: 14mm x 36mm<\/p>\n","protected":false},"excerpt":{"rendered":"<p>Anh\u00e4nger Steinbesatz: Bergkristall \u00d8 5mm Ma\u00dfe: 14mm x 36mm<\/p>\n","protected":false},"featured_media":5423,"template":"","meta":[],"product_cat":[21],"product_tag":[193,1001],"_links":{"self":[{"href":"https:\/\/finnlandschmuck-schelle.de\/index.php?rest_route=\/wp\/v2\/product\/5466"}],"collection":[{"href":"https:\/\/finnlandschmuck-schelle.de\/index.php?rest_route=\/wp\/v2\/product"}],"about":[{"href":"https:\/\/finnlandschmuck-schelle.de\/index.php?rest_route=\/wp\/v2\/types\/product"}],"wp:featuredmedia":[{"embeddable":true,"href":"https:\/\/finnlandschmuck-schelle.de\/index.php?rest_route=\/wp\/v2\/media\/5423"}],"wp:attachment":[{"href":"https:\/\/finnlandschmuck-schelle.de\/index.php?rest_route=%2Fwp%2Fv2%2Fmedia&parent=5466"}],"wp:term":[{"taxonomy":"product_cat","embeddable":true,"href":"https:\/\/finnlandschmuck-schelle.de\/index.php?rest_route=%2Fwp%2Fv2%2Fproduct_cat&post=5466"},{"taxonomy":"product_tag","embeddable":true,"href":"https:\/\/finnlandschmuck-schelle.de\/index.php?rest_route=%2Fwp%2Fv2%2Fproduct_tag&post=5466"}],"curies":[{"name":"wp","href":"https:\/\/api.w.org\/{rel}","templated":true}]}}