{"id":5468,"date":"2025-05-30T09:37:31","date_gmt":"2025-05-30T08:37:31","guid":{"rendered":"https:\/\/finnlandschmuck-schelle.de\/?post_type=product&#038;p=5468"},"modified":"2026-02-01T14:35:45","modified_gmt":"2026-02-01T13:35:45","slug":"n-1-231","status":"publish","type":"product","link":"https:\/\/finnlandschmuck-schelle.de\/?product=n-1-231","title":{"rendered":"N-1-231"},"content":{"rendered":"<p>Ring<\/p>\n<p>Steinbesatz: Bergkristall \u00d8 2mm<\/p>\n<p>Ma\u00dfe: Ringkopf \u00d8 8mm<\/p>\n","protected":false},"excerpt":{"rendered":"<p>Ring Steinbesatz: Bergkristall \u00d8 2mm Ma\u00dfe: Ringkopf \u00d8 8mm<\/p>\n","protected":false},"featured_media":5400,"template":"","meta":[],"product_cat":[30],"product_tag":[1003,1004,41],"_links":{"self":[{"href":"https:\/\/finnlandschmuck-schelle.de\/index.php?rest_route=\/wp\/v2\/product\/5468"}],"collection":[{"href":"https:\/\/finnlandschmuck-schelle.de\/index.php?rest_route=\/wp\/v2\/product"}],"about":[{"href":"https:\/\/finnlandschmuck-schelle.de\/index.php?rest_route=\/wp\/v2\/types\/product"}],"wp:featuredmedia":[{"embeddable":true,"href":"https:\/\/finnlandschmuck-schelle.de\/index.php?rest_route=\/wp\/v2\/media\/5400"}],"wp:attachment":[{"href":"https:\/\/finnlandschmuck-schelle.de\/index.php?rest_route=%2Fwp%2Fv2%2Fmedia&parent=5468"}],"wp:term":[{"taxonomy":"product_cat","embeddable":true,"href":"https:\/\/finnlandschmuck-schelle.de\/index.php?rest_route=%2Fwp%2Fv2%2Fproduct_cat&post=5468"},{"taxonomy":"product_tag","embeddable":true,"href":"https:\/\/finnlandschmuck-schelle.de\/index.php?rest_route=%2Fwp%2Fv2%2Fproduct_tag&post=5468"}],"curies":[{"name":"wp","href":"https:\/\/api.w.org\/{rel}","templated":true}]}}