{"id":5482,"date":"2025-05-30T10:04:33","date_gmt":"2025-05-30T09:04:33","guid":{"rendered":"https:\/\/finnlandschmuck-schelle.de\/?post_type=product&#038;p=5482"},"modified":"2026-02-01T14:34:13","modified_gmt":"2026-02-01T13:34:13","slug":"n-1-213","status":"publish","type":"product","link":"https:\/\/finnlandschmuck-schelle.de\/?product=n-1-213","title":{"rendered":"N-1-213"},"content":{"rendered":"<p>Ring<\/p>\n<p>Steinbesatz: Bergkristall \u00d8 3mm<\/p>\n<p>Ma\u00dfe: Ringkopf \u00d8 10mm<\/p>\n","protected":false},"excerpt":{"rendered":"<p>Ring Steinbesatz: Bergkristall \u00d8 3mm Ma\u00dfe: Ringkopf \u00d8 10mm<\/p>\n","protected":false},"featured_media":5416,"template":"","meta":[],"product_cat":[30],"product_tag":[1023,1024],"_links":{"self":[{"href":"https:\/\/finnlandschmuck-schelle.de\/index.php?rest_route=\/wp\/v2\/product\/5482"}],"collection":[{"href":"https:\/\/finnlandschmuck-schelle.de\/index.php?rest_route=\/wp\/v2\/product"}],"about":[{"href":"https:\/\/finnlandschmuck-schelle.de\/index.php?rest_route=\/wp\/v2\/types\/product"}],"wp:featuredmedia":[{"embeddable":true,"href":"https:\/\/finnlandschmuck-schelle.de\/index.php?rest_route=\/wp\/v2\/media\/5416"}],"wp:attachment":[{"href":"https:\/\/finnlandschmuck-schelle.de\/index.php?rest_route=%2Fwp%2Fv2%2Fmedia&parent=5482"}],"wp:term":[{"taxonomy":"product_cat","embeddable":true,"href":"https:\/\/finnlandschmuck-schelle.de\/index.php?rest_route=%2Fwp%2Fv2%2Fproduct_cat&post=5482"},{"taxonomy":"product_tag","embeddable":true,"href":"https:\/\/finnlandschmuck-schelle.de\/index.php?rest_route=%2Fwp%2Fv2%2Fproduct_tag&post=5482"}],"curies":[{"name":"wp","href":"https:\/\/api.w.org\/{rel}","templated":true}]}}